{"id":1029,"date":"2019-03-06T11:56:40","date_gmt":"2019-03-06T11:56:40","guid":{"rendered":"https:\/\/colibriwp-work.colibriwp.com\/business-ii\/colibri-wp\/"},"modified":"2025-02-03T09:02:52","modified_gmt":"2025-02-03T09:02:52","slug":"colibri-wp","status":"publish","type":"page","link":"https:\/\/a13parking.ch\/","title":{"rendered":"Front Page"},"content":{"rendered":"<div data-colibri-id=\"1029-c1\" class=\"style-395 style-local-1029-c1 position-relative\">\n  <!---->\n  <div data-colibri-component=\"section\" data-colibri-id=\"1029-c2\" id=\"custom-3\" class=\"h-section h-section-global-spacing d-flex align-items-lg-center align-items-md-center align-items-center style-872 style-local-1029-c2 position-relative\">\n    <!---->\n    <!---->\n    <div class=\"h-section-grid-container h-section-boxed-container\">\n      <!---->\n      <div data-colibri-id=\"1029-c3\" class=\"h-row-container gutters-row-lg-2 gutters-row-md-2 gutters-row-0 gutters-row-v-lg-2 gutters-row-v-md-2 gutters-row-v-2 style-873 style-local-1029-c3 position-relative\">\n        <!---->\n        <div class=\"h-row justify-content-lg-center justify-content-md-center justify-content-center align-items-lg-stretch align-items-md-stretch align-items-stretch gutters-col-lg-2 gutters-col-md-2 gutters-col-0 gutters-col-v-lg-2 gutters-col-v-md-2 gutters-col-v-2\">\n          <!---->\n          <div class=\"h-column h-column-container d-flex h-col-lg-auto h-col-md-auto h-col-auto style-874-outer style-local-1029-c4-outer\">\n            <div data-colibri-id=\"1029-c4\" class=\"d-flex h-flex-basis h-column__inner h-px-lg-2 h-px-md-2 h-px-2 v-inner-lg-2 v-inner-md-2 v-inner-2 style-874 style-local-1029-c4 position-relative\">\n              <!---->\n              <!---->\n              <div class=\"w-100 h-y-container h-column__content h-column__v-align flex-basis-100 align-self-lg-start align-self-md-start align-self-start\">\n                <!---->\n                <div data-colibri-id=\"1029-c5\" class=\"h-global-transition-all h-heading style-924 style-local-1029-c5 position-relative h-element\">\n                  <!---->\n                  <div class=\"h-heading__outer style-924 style-local-1029-c5\">\n                    <!---->\n                    <!---->\n                    <h3 class=\"\">Sie suchen einen Parkplatz &#8211; Wir haben einen!<\/h3>\n                  <\/div>\n                <\/div>\n                <div data-colibri-id=\"1029-c6\" class=\"h-text h-text-component style-929 style-local-1029-c6 position-relative h-element\">\n                  <!---->\n                  <!---->\n                  <div class=\"\">\n                    <p><span style=\"color: rgb(70, 112, 127); font-family: &quot;Fira Sans&quot;; font-size: 18px; font-weight: 400;\">Wir vermieten Abstell- und Einstellpl\u00e4tze an der <\/span>\n                      <u style=\"color: rgb(70, 112, 127); font-family: &quot;Fira Sans&quot;; font-size: 18px; font-weight: 400;\">Oberrieterstrasse 55 I 9450 Altst\u00e4tten<\/u><span style=\"color: rgb(70, 112, 127); font-family: &quot;Fira Sans&quot;; font-size: 18px; font-weight: 400;\"> \u2013 unkompliziert, flexibel und sicher. <br>Finden Sie bei uns den passenden Parkplatz, der Ihren Bed\u00fcrfnissen entspricht.<br> <br>Jetzt anfragen und parken ohne Stress!<\/span><\/p>\n                  <\/div>\n                <\/div>\n              <\/div>\n            <\/div>\n          <\/div>\n          <div class=\"h-column h-column-container d-flex h-col-lg-auto h-col-md-auto h-col-auto style-413-outer style-local-1029-c7-outer\">\n            <div data-colibri-id=\"1029-c7\" class=\"d-flex h-flex-basis h-column__inner h-px-lg-2 h-px-md-2 h-px-2 v-inner-lg-2 v-inner-md-2 v-inner-2 style-413 style-local-1029-c7 position-relative\">\n              <!---->\n              <!---->\n              <div class=\"w-100 h-y-container h-column__content h-column__v-align flex-basis-100 align-self-lg-start align-self-md-start align-self-start\">\n                <!---->\n                <div data-colibri-id=\"1029-c8\" class=\"h-global-transition-all h-heading style-925 style-local-1029-c8 position-relative h-element\">\n                  <!---->\n                  <div class=\"h-heading__outer style-925 style-local-1029-c8\">\n                    <!---->\n                    <!---->\n                    <h3 class=\"\">Betrieben durch<\/h3>\n                  <\/div>\n                <\/div>\n                <div data-colibri-id=\"1029-c9\" class=\"d-block style-935 style-local-1029-c9 position-relative h-element\">\n                  <!---->\n                  <div class=\"h-image__frame-container-outer\">\n                    <a href=\"https:\/\/www.hs3-gmbh.ch\/\" target=\"_blank\" h-use-smooth-scroll=\"true\" class=\"image-link\">\n                      <div class=\"h-image__frame-container\">\n                        <!---->\n                        <!---->\n                        <img decoding=\"async\" width=\"171\" height=\"100\" data-src=\"https:\/\/a13parking.ch\/wp-content\/uploads\/2025\/01\/HS3_logo_neu.jpg\" class=\"wp-image-1440 style-935-image style-local-1029-c9-image lazyload\" alt=\"\" src=\"data:image\/svg+xml;base64,PHN2ZyB3aWR0aD0iMSIgaGVpZ2h0PSIxIiB4bWxucz0iaHR0cDovL3d3dy53My5vcmcvMjAwMC9zdmciPjwvc3ZnPg==\" style=\"--smush-placeholder-width: 171px; --smush-placeholder-aspect-ratio: 171\/100;\" \/>\n                        <div class=\"h-image__frame h-hide-lg h-hide-md h-hide-sm style-935-frameImage style-local-1029-c9-frameImage\"><\/div>\n                      <\/div>\n                    <\/a>\n                  <\/div>\n                <\/div>\n                <div data-colibri-id=\"1029-c10\" class=\"h-text h-text-component style-931 style-local-1029-c10 position-relative h-element\">\n                  <!---->\n                  <!---->\n                  <div class=\"\">\n                    <p><span style=\"font-weight: 400; font-size: 18px; font-family: &quot;Fira Sans&quot;; color: rgb(70, 112, 127);\">Patrick Hummel<\/span>\n                      <br><span style=\"font-weight: 400; font-size: 18px; font-family: &quot;Fira Sans&quot;; color: rgb(70, 112, 127);\">+41 76 417 06 14<\/span>\n                      <br>\n                      <a href=\"mailto:info@a13parking.ch\" target=\"_blank\" style=\"color: rgb(0, 102, 204); font-size: 18px; font-weight: 400; font-family: &quot;Open Sans&quot;;\">info@a13parking.ch<\/a>\n                    <\/p>\n                  <\/div>\n                <\/div>\n              <\/div>\n            <\/div>\n          <\/div>\n        <\/div>\n      <\/div>\n      <div data-colibri-id=\"1029-c11\" class=\"h-row-container gutters-row-lg-2 gutters-row-md-2 gutters-row-0 gutters-row-v-lg-2 gutters-row-v-md-2 gutters-row-v-2 style-926 style-local-1029-c11 position-relative\">\n        <!---->\n        <div class=\"h-row justify-content-lg-center justify-content-md-center justify-content-center align-items-lg-stretch align-items-md-stretch align-items-stretch gutters-col-lg-2 gutters-col-md-2 gutters-col-0 gutters-col-v-lg-2 gutters-col-v-md-2 gutters-col-v-2\">\n          <!---->\n          <div class=\"h-column h-column-container d-flex h-col-lg-auto h-col-md-auto h-col-auto style-927-outer style-local-1029-c12-outer\">\n            <div data-colibri-id=\"1029-c12\" class=\"d-flex h-flex-basis h-column__inner h-px-lg-2 h-px-md-2 h-px-2 v-inner-lg-2 v-inner-md-2 v-inner-2 style-927 style-local-1029-c12 position-relative\">\n              <!---->\n              <!---->\n              <div class=\"w-100 h-y-container h-column__content h-column__v-align flex-basis-100 align-self-lg-start align-self-md-start align-self-start\">\n                <!---->\n                <div data-colibri-id=\"1029-c13\" class=\"h-global-transition-all h-heading style-952 style-local-1029-c13 position-relative h-element\">\n                  <!---->\n                  <div class=\"h-heading__outer style-952 style-local-1029-c13\">\n                    <!---->\n                    <!---->\n                    <h3 class=\"\">Gr\u00f6ssen Einstellpl\u00e4tze<\/h3>\n                  <\/div>\n                <\/div>\n                <div data-colibri-id=\"1029-c14\" class=\"d-block style-930 style-local-1029-c14 position-relative h-element\">\n                  <!---->\n                  <div class=\"h-image__frame-container-outer\">\n                    <div class=\"h-image__frame-container\">\n                      <!---->\n                      <!---->\n                      <img decoding=\"async\" width=\"1848\" height=\"720\" data-src=\"https:\/\/a13parking.ch\/wp-content\/uploads\/2025\/02\/Einstellplaetze.png\" class=\"wp-image-1464 style-930-image style-local-1029-c14-image lazyload\" alt=\"\" data-srcset=\"https:\/\/a13parking.ch\/wp-content\/uploads\/2025\/02\/Einstellplaetze.png 1848w, https:\/\/a13parking.ch\/wp-content\/uploads\/2025\/02\/Einstellplaetze-300x117.png 300w, https:\/\/a13parking.ch\/wp-content\/uploads\/2025\/02\/Einstellplaetze-1024x399.png 1024w, https:\/\/a13parking.ch\/wp-content\/uploads\/2025\/02\/Einstellplaetze-768x299.png 768w, https:\/\/a13parking.ch\/wp-content\/uploads\/2025\/02\/Einstellplaetze-1536x598.png 1536w\" data-sizes=\"(max-width: 1848px) 100vw, 1848px\" src=\"data:image\/svg+xml;base64,PHN2ZyB3aWR0aD0iMSIgaGVpZ2h0PSIxIiB4bWxucz0iaHR0cDovL3d3dy53My5vcmcvMjAwMC9zdmciPjwvc3ZnPg==\" style=\"--smush-placeholder-width: 1848px; --smush-placeholder-aspect-ratio: 1848\/720;\" \/>\n                      <div class=\"h-image__frame h-hide-lg h-hide-md h-hide-sm style-930-frameImage style-local-1029-c14-frameImage\"><\/div>\n                    <\/div>\n                  <\/div>\n                <\/div>\n                <div data-colibri-id=\"1029-c15\" class=\"h-text h-text-component style-953 style-local-1029-c15 position-relative h-element\">\n                  <!---->\n                  <!---->\n                  <div class=\"\">\n                    <p>Elektrizit\u00e4t und Wasserh\u00e4hne sind vorhanden.<\/p>\n                  <\/div>\n                <\/div>\n              <\/div>\n            <\/div>\n          <\/div>\n          <div class=\"h-column h-column-container d-flex h-col-lg-auto h-col-md-auto h-col-auto style-932-outer style-local-1029-c16-outer\">\n            <div data-colibri-id=\"1029-c16\" class=\"d-flex h-flex-basis h-column__inner h-px-lg-2 h-px-md-2 h-px-2 v-inner-lg-2 v-inner-md-2 v-inner-2 style-932 style-local-1029-c16 position-relative\">\n              <!---->\n              <!---->\n              <div class=\"w-100 h-y-container h-column__content h-column__v-align flex-basis-100 align-self-lg-start align-self-md-start align-self-start\">\n                <!---->\n                <div data-colibri-id=\"1029-c17\" class=\"h-global-transition-all h-heading style-950 style-local-1029-c17 position-relative h-element\">\n                  <!---->\n                  <div class=\"h-heading__outer style-950 style-local-1029-c17\">\n                    <!---->\n                    <!---->\n                    <h3 class=\"\">Gr\u00f6ssen Aussenparkpl\u00e4tze<\/h3>\n                  <\/div>\n                <\/div>\n                <div data-colibri-id=\"1029-c18\" class=\"h-text h-text-component style-951 style-local-1029-c18 position-relative h-element\">\n                  <!---->\n                  <!---->\n                  <div class=\"\">\n                    <p>Diverse Gr\u00f6ssen auch mit \u00dcberl\u00e4ngen. Fragen Sie uns an.<\/p>\n                  <\/div>\n                <\/div>\n              <\/div>\n            <\/div>\n          <\/div>\n        <\/div>\n      <\/div>\n    <\/div>\n  <\/div>\n  <div data-colibri-component=\"section\" data-colibri-id=\"1029-c19\" id=\"custom\" class=\"h-section h-section-global-spacing d-flex align-items-lg-center align-items-md-center align-items-center style-940 style-local-1029-c19 position-relative\">\n    <!---->\n    <!---->\n    <div class=\"h-section-grid-container h-section-boxed-container\">\n      <!---->\n      <div data-colibri-id=\"1029-c20\" class=\"h-row-container gutters-row-lg-2 gutters-row-md-2 gutters-row-0 gutters-row-v-lg-2 gutters-row-v-md-2 gutters-row-v-2 style-941 style-local-1029-c20 position-relative\">\n        <!---->\n        <div class=\"h-row justify-content-lg-center justify-content-md-center justify-content-center align-items-lg-stretch align-items-md-stretch align-items-stretch gutters-col-lg-2 gutters-col-md-2 gutters-col-0 gutters-col-v-lg-2 gutters-col-v-md-2 gutters-col-v-2\">\n          <!---->\n          <div class=\"h-column h-column-container d-flex h-col-lg-auto h-col-md-auto h-col-auto style-942-outer style-local-1029-c21-outer\">\n            <div data-colibri-id=\"1029-c21\" class=\"d-flex h-flex-basis h-column__inner h-ui-empty-state-container h-px-lg-2 h-px-md-2 h-px-2 v-inner-lg-2 v-inner-md-2 v-inner-2 style-942 style-local-1029-c21 position-relative\">\n              <!---->\n              <!---->\n              <div class=\"w-100 h-y-container h-column__content h-column__v-align flex-basis-100\">\n                <!---->\n              <\/div>\n            <\/div>\n          <\/div>\n        <\/div>\n      <\/div>\n    <\/div>\n  <\/div>\n<\/div>","protected":false},"excerpt":{"rendered":"<p>Sie suchen einen Parkplatz &#8211; Wir haben einen! Wir vermieten Abstell- und Einstellpl\u00e4tze an der Oberrieterstrasse 55 I 9450 Altst\u00e4tten \u2013 unkompliziert, flexibel und sicher. Finden Sie bei uns den passenden Parkplatz, der Ihren Bed\u00fcrfnissen entspricht. Jetzt anfragen und parken ohne Stress! Betrieben durch Patrick Hummel +41 76 417 06 14 info@a13parking.ch Gr\u00f6ssen Einstellpl\u00e4tze Elektrizit\u00e4t [&hellip;]<\/p>\n","protected":false},"author":1,"featured_media":0,"parent":0,"menu_order":0,"comment_status":"closed","ping_status":"closed","template":"page-templates\/homepage.php","meta":{"footnotes":""},"class_list":["post-1029","page","type-page","status-publish","hentry"],"_links":{"self":[{"href":"https:\/\/a13parking.ch\/index.php\/wp-json\/wp\/v2\/pages\/1029","targetHints":{"allow":["GET"]}}],"collection":[{"href":"https:\/\/a13parking.ch\/index.php\/wp-json\/wp\/v2\/pages"}],"about":[{"href":"https:\/\/a13parking.ch\/index.php\/wp-json\/wp\/v2\/types\/page"}],"author":[{"embeddable":true,"href":"https:\/\/a13parking.ch\/index.php\/wp-json\/wp\/v2\/users\/1"}],"replies":[{"embeddable":true,"href":"https:\/\/a13parking.ch\/index.php\/wp-json\/wp\/v2\/comments?post=1029"}],"version-history":[{"count":20,"href":"https:\/\/a13parking.ch\/index.php\/wp-json\/wp\/v2\/pages\/1029\/revisions"}],"predecessor-version":[{"id":1467,"href":"https:\/\/a13parking.ch\/index.php\/wp-json\/wp\/v2\/pages\/1029\/revisions\/1467"}],"wp:attachment":[{"href":"https:\/\/a13parking.ch\/index.php\/wp-json\/wp\/v2\/media?parent=1029"}],"curies":[{"name":"wp","href":"https:\/\/api.w.org\/{rel}","templated":true}]}}